{"id":200,"date":"2017-07-03T13:09:23","date_gmt":"2017-07-03T13:09:23","guid":{"rendered":"http:\/\/baerenkerwa.de\/?page_id=200"},"modified":"2025-07-31T14:53:16","modified_gmt":"2025-07-31T14:53:16","slug":"baerenkerwa-2016-die-zelte-stehen-schon-mal","status":"publish","type":"page","link":"http:\/\/baerenkerwa.de\/","title":{"rendered":"B\u00e4renkerwa  &#8211; der Kerwaflyer 2025"},"content":{"rendered":"<div id=\"pl-200\"  class=\"panel-layout\" ><div id=\"pg-200-0\"  class=\"panel-grid panel-no-style\" ><div id=\"pgc-200-0-0\"  class=\"panel-grid-cell\" ><div id=\"panel-200-0-0-0\" class=\"so-panel widget widget_sow-editor panel-first-child panel-last-child\" data-index=\"0\" ><div\n\t\t\t\n\t\t\tclass=\"so-widget-sow-editor so-widget-sow-editor-base\"\n\t\t\t\n\t\t>\n<div class=\"siteorigin-widget-tinymce textwidget\">\n\t<p><a href=\"http:\/\/baerenkerwa.de\/wp-content\/uploads\/2025\/07\/kerwa2025.jpg\"><img fetchpriority=\"high\" fetchpriority=\"high\" decoding=\"async\" class=\"alignnone size-full wp-image-474\" src=\"http:\/\/baerenkerwa.de\/wp-content\/uploads\/2025\/07\/kerwa2025.jpg\" alt=\"\" width=\"1152\" height=\"2048\" srcset=\"http:\/\/baerenkerwa.de\/wp-content\/uploads\/2025\/07\/kerwa2025.jpg 1152w, http:\/\/baerenkerwa.de\/wp-content\/uploads\/2025\/07\/kerwa2025-169x300.jpg 169w, http:\/\/baerenkerwa.de\/wp-content\/uploads\/2025\/07\/kerwa2025-576x1024.jpg 576w, http:\/\/baerenkerwa.de\/wp-content\/uploads\/2025\/07\/kerwa2025-768x1365.jpg 768w, http:\/\/baerenkerwa.de\/wp-content\/uploads\/2025\/07\/kerwa2025-864x1536.jpg 864w\" sizes=\"(max-width: 1152px) 100vw, 1152px\" \/><\/a><\/p>\n<\/div>\n<\/div><\/div><\/div><div id=\"pgc-200-0-1\"  class=\"panel-grid-cell\" ><div id=\"panel-200-0-1-0\" class=\"so-panel widget widget_sow-editor panel-first-child panel-last-child\" data-index=\"1\" ><div\n\t\t\t\n\t\t\tclass=\"so-widget-sow-editor so-widget-sow-editor-base\"\n\t\t\t\n\t\t>\n<div class=\"siteorigin-widget-tinymce textwidget\">\n\t<p>Der <span class=\"html-span xexx8yu x4uap5 x18d9i69 xkhd6sd x1hl2dhg x16tdsg8 x1vvkbs x3nfvp2 x1j61x8r x1fcty0u xdj266r xat24cr xgzva0m xhhsvwb xxymvpz xlup9mm x1kky2od\"><img decoding=\"async\" class=\"xz74otr\" src=\"https:\/\/static.xx.fbcdn.net\/images\/emoji.php\/v9\/t5b\/1\/16\/1f43b.png\" alt=\"\ud83d\udc3b\" width=\"16\" height=\"16\" \/><\/span> ist los!!!<\/p>\n<div class=\"x11i5rnm xat24cr x1mh8g0r x1vvkbs xtlvy1s x126k92a\">\n<div dir=\"auto\">Vom 02.08. - 04.08.2025 steppt in Bindlach wieder der B\u00e4r!<span class=\"html-span xexx8yu x4uap5 x18d9i69 xkhd6sd x1hl2dhg x16tdsg8 x1vvkbs x3nfvp2 x1j61x8r x1fcty0u xdj266r xat24cr xgzva0m xhhsvwb xxymvpz xlup9mm x1kky2od\"><img decoding=\"async\" class=\"xz74otr\" src=\"https:\/\/static.xx.fbcdn.net\/images\/emoji.php\/v9\/tca\/1\/16\/1f3ba.png\" alt=\"\ud83c\udfba\" width=\"16\" height=\"16\" \/><\/span><span class=\"html-span xexx8yu x4uap5 x18d9i69 xkhd6sd x1hl2dhg x16tdsg8 x1vvkbs x3nfvp2 x1j61x8r x1fcty0u xdj266r xat24cr xgzva0m xhhsvwb xxymvpz xlup9mm x1kky2od\"><img loading=\"lazy\" loading=\"lazy\" decoding=\"async\" class=\"xz74otr\" src=\"https:\/\/static.xx.fbcdn.net\/images\/emoji.php\/v9\/t96\/1\/16\/1f37b.png\" alt=\"\ud83c\udf7b\" width=\"16\" height=\"16\" \/><\/span><\/div>\n<\/div>\n<div class=\"x11i5rnm xat24cr x1mh8g0r x1vvkbs xtlvy1s x126k92a\">\n<div dir=\"auto\">Traditionell findet am 1. Augustwochenende die Bindlacher B\u00e4renkerwa auf dem Sportgel\u00e4nde des TSV Bindlach statt.<\/div>\n<\/div>\n<div class=\"x11i5rnm xat24cr x1mh8g0r x1vvkbs xtlvy1s x126k92a\">\n<div dir=\"auto\">- Wir starten von Mittwoch bis Freitag mit Kerwaschmankerl in unserer Sportheim-Gastst\u00e4tte.<\/div>\n<div dir=\"auto\"><\/div>\n<\/div>\n<div class=\"x11i5rnm xat24cr x1mh8g0r x1vvkbs xtlvy1s x126k92a\">\n<div dir=\"auto\">- Am Samstag 02.08. starten wir mit unserer Zeltkerwa nach den Kerwaspielen unserer SG mit gegrillte Makrelen.<\/div>\n<div dir=\"auto\">Wir \u00f6ffnen unseren Biergarten, Weinlaube <span class=\"html-span xexx8yu x4uap5 x18d9i69 xkhd6sd x1hl2dhg x16tdsg8 x1vvkbs x3nfvp2 x1j61x8r x1fcty0u xdj266r xat24cr xgzva0m xhhsvwb xxymvpz xlup9mm x1kky2od\"><img loading=\"lazy\" loading=\"lazy\" decoding=\"async\" class=\"xz74otr\" src=\"https:\/\/static.xx.fbcdn.net\/images\/emoji.php\/v9\/teb\/1\/16\/1f377.png\" alt=\"\ud83c\udf77\" width=\"16\" height=\"16\" \/><\/span>und das Bierzelt f\u00fcr Euch. Musikalisch begleitet wird der Kerwasamatag von Grabrolle&amp;Goller<span class=\"html-span xexx8yu x4uap5 x18d9i69 xkhd6sd x1hl2dhg x16tdsg8 x1vvkbs x3nfvp2 x1j61x8r x1fcty0u xdj266r xat24cr xgzva0m xhhsvwb xxymvpz xlup9mm x1kky2od\"><img loading=\"lazy\" loading=\"lazy\" decoding=\"async\" class=\"xz74otr\" src=\"https:\/\/static.xx.fbcdn.net\/images\/emoji.php\/v9\/t7e\/1\/16\/1f3a4.png\" alt=\"\ud83c\udfa4\" width=\"16\" height=\"16\" \/><\/span><\/div>\n<\/div>\n<div class=\"x11i5rnm xat24cr x1mh8g0r x1vvkbs xtlvy1s x126k92a\">\n<div dir=\"auto\">- Am Sonntag 03.08.zieht der B\u00e4r mit seinem Treiber durch Bindlach und f\u00fchrt den traditionellen B\u00e4renumzug mit allen Abteilungen des TSV zum Sportgel\u00e4nde.<\/div>\n<div dir=\"auto\">Danach geht's an die Kuchentheke und anschlie\u00dfend heizen uns <span class=\"html-span xdj266r x11i5rnm xat24cr x1mh8g0r xexx8yu x4uap5 x18d9i69 xkhd6sd x1hl2dhg x16tdsg8 x1vvkbs\"><a class=\"x1i10hfl xjbqb8w x1ejq31n xd10rxx x1sy0etr x17r0tee x972fbf xcfux6l x1qhh985 xm0m39n x9f619 x1ypdohk xt0psk2 xe8uvvx xdj266r x11i5rnm xat24cr x1mh8g0r xexx8yu x4uap5 x18d9i69 xkhd6sd x16tdsg8 x1hl2dhg xggy1nq x1a2a7pz x1sur9pj xkrqix3 x1fey0fg\" tabindex=\"0\" role=\"link\" href=\"https:\/\/www.instagram.com\/_u\/dierossinis?fbclid=IwZXh0bgNhZW0CMTAAAR1aBlgBPPHiNgUXie2dcOCpdxd1sbflA8w6cWhQc6Egijo9VNL3bj14Hzs_aem_8_sZ-e1Wiz5J_9x4brtSnw\" target=\"_blank\" rel=\"nofollow noopener noreferrer\">@dierossinis<\/a><\/span> ein.<span class=\"html-span xexx8yu x4uap5 x18d9i69 xkhd6sd x1hl2dhg x16tdsg8 x1vvkbs x3nfvp2 x1j61x8r x1fcty0u xdj266r xat24cr xgzva0m xhhsvwb xxymvpz xlup9mm x1kky2od\"><img loading=\"lazy\" loading=\"lazy\" decoding=\"async\" class=\"xz74otr\" src=\"https:\/\/static.xx.fbcdn.net\/images\/emoji.php\/v9\/t21\/1\/16\/1f3b8.png\" alt=\"\ud83c\udfb8\" width=\"16\" height=\"16\" \/><\/span><\/div>\n<\/div>\n<div class=\"x11i5rnm xat24cr x1mh8g0r x1vvkbs xtlvy1s x126k92a\">\n<div dir=\"auto\">- Am Montag 04.08. gibt es zum Kerwaausklang eine Sau am Spie\u00df und <span class=\"html-span xdj266r x11i5rnm xat24cr x1mh8g0r xexx8yu x4uap5 x18d9i69 xkhd6sd x1hl2dhg x16tdsg8 x1vvkbs\"><a class=\"x1i10hfl xjbqb8w x1ejq31n xd10rxx x1sy0etr x17r0tee x972fbf xcfux6l x1qhh985 xm0m39n x9f619 x1ypdohk xt0psk2 xe8uvvx xdj266r x11i5rnm xat24cr x1mh8g0r xexx8yu x4uap5 x18d9i69 xkhd6sd x16tdsg8 x1hl2dhg xggy1nq x1a2a7pz x1sur9pj xkrqix3 x1fey0fg\" tabindex=\"0\" role=\"link\" href=\"https:\/\/www.instagram.com\/_u\/markus_brand_harmonika_haus?fbclid=IwZXh0bgNhZW0CMTAAAR3T9b1BRdJkjJDEi0LKYd5KeNiPTF1LyOr1dMXuH8QaYOOUxnJxms5pFKE_aem_axCr3L0tI3qsU5OHO2A2_A\" target=\"_blank\" rel=\"nofollow noopener noreferrer\">@markus_brand_harmonika_haus<\/a><\/span> begleitet uns durch den Abend. <span class=\"html-span xexx8yu x4uap5 x18d9i69 xkhd6sd x1hl2dhg x16tdsg8 x1vvkbs x3nfvp2 x1j61x8r x1fcty0u xdj266r xat24cr xgzva0m xhhsvwb xxymvpz xlup9mm x1kky2od\"><img loading=\"lazy\" loading=\"lazy\" decoding=\"async\" class=\"xz74otr\" src=\"https:\/\/static.xx.fbcdn.net\/images\/emoji.php\/v9\/td7\/1\/16\/1fa97.png\" alt=\"\ud83e\ude97\" width=\"16\" height=\"16\" \/><\/span><\/div>\n<\/div>\n<div class=\"x11i5rnm xat24cr x1mh8g0r x1vvkbs xtlvy1s x126k92a\">\n<div dir=\"auto\">Wir freuen uns auf Euch!!<span class=\"html-span xexx8yu x4uap5 x18d9i69 xkhd6sd x1hl2dhg x16tdsg8 x1vvkbs x3nfvp2 x1j61x8r x1fcty0u xdj266r xat24cr xgzva0m xhhsvwb xxymvpz xlup9mm x1kky2od\"><img loading=\"lazy\" loading=\"lazy\" decoding=\"async\" class=\"xz74otr\" src=\"https:\/\/static.xx.fbcdn.net\/images\/emoji.php\/v9\/t6d\/1\/16\/1f973.png\" alt=\"\ud83e\udd73\" width=\"16\" height=\"16\" \/><\/span><span class=\"html-span xexx8yu x4uap5 x18d9i69 xkhd6sd x1hl2dhg x16tdsg8 x1vvkbs x3nfvp2 x1j61x8r x1fcty0u xdj266r xat24cr xgzva0m xhhsvwb xxymvpz xlup9mm x1kky2od\"><img decoding=\"async\" class=\"xz74otr\" src=\"https:\/\/static.xx.fbcdn.net\/images\/emoji.php\/v9\/t5b\/1\/16\/1f43b.png\" alt=\"\ud83d\udc3b\" width=\"16\" height=\"16\" \/><\/span><span class=\"html-span xexx8yu x4uap5 x18d9i69 xkhd6sd x1hl2dhg x16tdsg8 x1vvkbs x3nfvp2 x1j61x8r x1fcty0u xdj266r xat24cr xgzva0m xhhsvwb xxymvpz xlup9mm x1kky2od\"><img loading=\"lazy\" loading=\"lazy\" decoding=\"async\" class=\"xz74otr\" src=\"https:\/\/static.xx.fbcdn.net\/images\/emoji.php\/v9\/t7b\/1\/16\/1f44c.png\" alt=\"\ud83d\udc4c\" width=\"16\" height=\"16\" \/><\/span><\/div>\n<\/div>\n<p>&nbsp;<\/p>\n<\/div>\n<\/div><\/div><\/div><\/div><div id=\"pg-200-1\"  class=\"panel-grid panel-no-style\" ><div id=\"pgc-200-1-0\"  class=\"panel-grid-cell panel-grid-cell-empty\" ><\/div><\/div><\/div>","protected":false},"excerpt":{"rendered":"<div class=\"mh-excerpt\"><p>Der ist los!!! Vom 02.08. &#8211; 04.08.2025 steppt in Bindlach wieder der B\u00e4r! Traditionell findet am 1. Augustwochenende die Bindlacher B\u00e4renkerwa auf dem Sportgel\u00e4nde des TSV Bindlach statt. &#8211; Wir starten von Mittwoch bis Freitag <a class=\"mh-excerpt-more\" href=\"http:\/\/baerenkerwa.de\/\" title=\"B\u00e4renkerwa  &#8211; der Kerwaflyer 2025\">[&#8230;]<\/a><\/p>\n<\/div>","protected":false},"author":1,"featured_media":0,"parent":0,"menu_order":0,"comment_status":"closed","ping_status":"closed","template":"template-full.php","meta":{"footnotes":""},"class_list":["post-200","page","type-page","status-publish","hentry"],"_links":{"self":[{"href":"http:\/\/baerenkerwa.de\/index.php?rest_route=\/wp\/v2\/pages\/200","targetHints":{"allow":["GET"]}}],"collection":[{"href":"http:\/\/baerenkerwa.de\/index.php?rest_route=\/wp\/v2\/pages"}],"about":[{"href":"http:\/\/baerenkerwa.de\/index.php?rest_route=\/wp\/v2\/types\/page"}],"author":[{"embeddable":true,"href":"http:\/\/baerenkerwa.de\/index.php?rest_route=\/wp\/v2\/users\/1"}],"replies":[{"embeddable":true,"href":"http:\/\/baerenkerwa.de\/index.php?rest_route=%2Fwp%2Fv2%2Fcomments&post=200"}],"version-history":[{"count":168,"href":"http:\/\/baerenkerwa.de\/index.php?rest_route=\/wp\/v2\/pages\/200\/revisions"}],"predecessor-version":[{"id":477,"href":"http:\/\/baerenkerwa.de\/index.php?rest_route=\/wp\/v2\/pages\/200\/revisions\/477"}],"wp:attachment":[{"href":"http:\/\/baerenkerwa.de\/index.php?rest_route=%2Fwp%2Fv2%2Fmedia&parent=200"}],"curies":[{"name":"wp","href":"https:\/\/api.w.org\/{rel}","templated":true}]}}