{"id":37,"date":"2015-08-06T19:29:11","date_gmt":"2015-08-06T19:29:11","guid":{"rendered":"http:\/\/baerenkerwa.de\/?page_id=37"},"modified":"2015-08-06T21:40:37","modified_gmt":"2015-08-06T21:40:37","slug":"impressum","status":"publish","type":"page","link":"http:\/\/baerenkerwa.de\/?page_id=37","title":{"rendered":"Impressum\/Disclaimer"},"content":{"rendered":"<p>Bindlacher B\u00e4renkerwa e.V.<\/p>\n<p>1. Vorstand: Werner Hereth, Bad Berneckerstr. 21, 95463 Bindlach<\/p>\n<p>Webmaster: Josef Stahl, Guttenbergweg 2a, 95463 Bindlach<\/p>\n<p>Kontakt: <a href=\"mailto:info@baerenkerwa.de\">info@baerenkerwa.de<\/a><\/p>\n<p><b>Hinweis<\/b><br \/>\nTrotz sorgf\u00e4ltiger inhaltlicher Kontrolle \u00fcbernehmen wir keine Haftung f\u00fcr die Inhalte externer Links. F\u00fcr den Inhalt der verlinkten Seiten sind ausschlie\u00dflich deren Betreiber verantwortlich. Die komplette und genaue Fassung unseres <a href=\"http:\/\/www.disclaimer.de\/disclaimer.htm\">Disclaimer <\/a><\/p>\n","protected":false},"excerpt":{"rendered":"<div class=\"mh-excerpt\"><p>Bindlacher B\u00e4renkerwa e.V. 1. Vorstand: Werner Hereth, Bad Berneckerstr. 21, 95463 Bindlach Webmaster: Josef Stahl, Guttenbergweg 2a, 95463 Bindlach Kontakt: info@baerenkerwa.de Hinweis Trotz sorgf\u00e4ltiger inhaltlicher Kontrolle \u00fcbernehmen wir keine Haftung f\u00fcr die Inhalte externer Links. <a class=\"mh-excerpt-more\" href=\"http:\/\/baerenkerwa.de\/?page_id=37\" title=\"Impressum\/Disclaimer\">[&#8230;]<\/a><\/p>\n<\/div>","protected":false},"author":1,"featured_media":0,"parent":0,"menu_order":0,"comment_status":"open","ping_status":"open","template":"","meta":{"footnotes":""},"class_list":["post-37","page","type-page","status-publish","hentry"],"_links":{"self":[{"href":"http:\/\/baerenkerwa.de\/index.php?rest_route=\/wp\/v2\/pages\/37","targetHints":{"allow":["GET"]}}],"collection":[{"href":"http:\/\/baerenkerwa.de\/index.php?rest_route=\/wp\/v2\/pages"}],"about":[{"href":"http:\/\/baerenkerwa.de\/index.php?rest_route=\/wp\/v2\/types\/page"}],"author":[{"embeddable":true,"href":"http:\/\/baerenkerwa.de\/index.php?rest_route=\/wp\/v2\/users\/1"}],"replies":[{"embeddable":true,"href":"http:\/\/baerenkerwa.de\/index.php?rest_route=%2Fwp%2Fv2%2Fcomments&post=37"}],"version-history":[{"count":8,"href":"http:\/\/baerenkerwa.de\/index.php?rest_route=\/wp\/v2\/pages\/37\/revisions"}],"predecessor-version":[{"id":65,"href":"http:\/\/baerenkerwa.de\/index.php?rest_route=\/wp\/v2\/pages\/37\/revisions\/65"}],"wp:attachment":[{"href":"http:\/\/baerenkerwa.de\/index.php?rest_route=%2Fwp%2Fv2%2Fmedia&parent=37"}],"curies":[{"name":"wp","href":"https:\/\/api.w.org\/{rel}","templated":true}]}}